{"id":7753,"date":"2020-05-30T01:22:54","date_gmt":"2020-05-30T01:22:54","guid":{"rendered":"http:\/\/www.progin.com\/?page_id=7753"},"modified":"2026-03-05T02:55:17","modified_gmt":"2026-03-05T02:55:17","slug":"cv","status":"publish","type":"page","link":"https:\/\/www.progin.com\/fr\/a-propos-de-marc-progin\/cv\/","title":{"rendered":"CV"},"content":{"rendered":"<div class=\"wpb-content-wrapper\"><p>[vc_row unlock_row_content=\u00a0\u00bbyes\u00a0\u00bb row_height_percent=\u00a0\u00bb0&Prime; override_padding=\u00a0\u00bbyes\u00a0\u00bb h_padding=\u00a0\u00bb4&Prime; top_padding=\u00a0\u00bb2&Prime; bottom_padding=\u00a0\u00bb4&Prime; back_color=\u00a0\u00bbcolor-562656&Prime; overlay_alpha=\u00a0\u00bb50&Prime; equal_height=\u00a0\u00bbyes\u00a0\u00bb gutter_size=\u00a0\u00bb3&Prime; column_width_percent=\u00a0\u00bb100&Prime; shift_y=\u00a0\u00bb0&Prime; z_index=\u00a0\u00bb0&Prime; uncode_shortcode_id=\u00a0\u00bb276760&Prime; back_color_type=\u00a0\u00bbuncode-palette\u00a0\u00bb][vc_column column_width_percent=\u00a0\u00bb100&Prime; gutter_size=\u00a0\u00bb3&Prime; back_color=\u00a0\u00bbcolor-562656&Prime; overlay_alpha=\u00a0\u00bb50&Prime; shift_x=\u00a0\u00bb0&Prime; shift_y=\u00a0\u00bb0&Prime; shift_y_down=\u00a0\u00bb0&Prime; z_index=\u00a0\u00bb0&Prime; medium_width=\u00a0\u00bb0&Prime; mobile_width=\u00a0\u00bb0&Prime; width=\u00a0\u00bb1\/1&Prime;][vc_column_text uncode_shortcode_id=\u00a0\u00bb744760&Prime;]<\/p>\n<h3 style=\"text-align: left;\"><strong>Expositions\u00a0<\/strong><\/h3>\n<p>[\/vc_column_text][vc_column_text uncode_shortcode_id=\u00a0\u00bb101138&Prime;]2026 \u00a0 \u00a0<em> Art Across Boundaries<\/em>, Hong Kong Visual Arts Centre, Hong Kong<br \/>2025 \u00a0 \u00a0 <em>Colours of Hope<\/em>, Hong Kong Visual Arts Centre, Hong Kong<br \/>2024 \u00a0 \u00a0 <em>Swiss Month<\/em>, Illuminati Fine Art, Hong Kong<br \/>2024 \u00a0 \u00a0 <em>Sanctuaire fig\u00e9 dans le temps<\/em>, La Galerie Paris 1839, Hong Kong<br \/>2023 \u00a0\u00a0\u00a0\u00a0<em>Re-shape<\/em>, Soho House, Hong Kong<br \/>2022 \u00a0\u00a0\u00a0 <em>Hunters, Warriors, Spirits, Nomadic Art of North China<\/em>, Indra and Harry Banga Gallery, Hong Kong<br \/>2022 \u00a0\u00a0\u00a0 <em>Unexpected beauty<\/em>, La Galerie Paris 1839, Hong Kong<br \/>2020 \u00a0\u00a0\u00a0\u00a0<em>Retour \u00e0 la Nature<\/em>, Blue Lotus\u00a0Gallery, Hong Kong<br \/>2020\u00a0\u00a0\u00a0\u00a0 <em>Maintenant, ici, Hong-Kong<\/em>, Palais de la Porte Dor\u00e9e, Paris, France<br \/>2019 \u00a0\u00a0\u00a0 <em>Beyond borders<\/em>, Children of the Mekong, Hong Kong<br \/>2017 \u00a0\u00a0\u00a0 <em>Spatial odyssey back in times<\/em>, Baudeloo Antiques x Blue Lotus Gallery, Belgique<br \/>2016 \u00a0\u00a0\u00a0 <em>Spatial odyssey back in times<\/em>, Latitude\u00a022N\u00a0Gallery, Hong Kong<br \/>2013 \u00a0\u00a0\u00a0 <em>The Mei Ho House project<\/em>, HK Heritage Project, Mei Ho House, Hong Kong<br \/>2013 \u00a0\u00a0\u00a0 <em>Nomades, Caravanes et Migrations<\/em>, Latitude\u00a022N\u00a0Gallery, Hong Kong<br \/>2006 \u00a0\u00a0\u00a0 <em>Vastness, Magnificence and Simplicity<\/em>, HK\u00a0Foreign Correspondent\u2019s club, Hong Kong<br \/>2006 \u00a0\u00a0\u00a0 <em>Mongolia: land of the origins<\/em>, Grand Hyatt, Hong Kong[\/vc_column_text][vc_column_text uncode_shortcode_id=\u00a0\u00bb165743&Prime;]<\/p>\n<h3><strong>Conf\u00e9rences\u00a0<\/strong><\/h3>\n<p>[\/vc_column_text][vc_column_text uncode_shortcode_id=\u00a0\u00bb188120&Prime;]2024 \u00a0 \u00a0 Sanctuaire fig\u00e9 dans le temps, La Galerie Paris 1839, Hong Kong<br \/>2020\u00a0\u00a0\u00a0\u00a0 <em>Back to Nature,\u00a0<\/em>Blue Lotus Gallery, Sheung Wan, Hong Kong<br \/>2018\u00a0\u00a0\u00a0\u00a0 Lausanne University, Echallens, Suisse<br \/>2017\u00a0\u00a0\u00a0\u00a0 <em>Blue Lotus Sessions,\u00a0<\/em>Blue Lotus Gallery, PMQ, Hong Kong<br \/>2017\u00a0\u00a0\u00a0\u00a0 <em>Mongolia: Nomads, Caravans and Migrations<\/em>, Royal Geographic Society, Hong Kong<br \/>2017\u00a0\u00a0\u00a0\u00a0 Palais du Peyrou, Neuch\u00e2tel, Suisse<br \/>2013\u00a0\u00a0\u00a0\u00a0 <em>Mongolia: Nomads, Caravans and Migrations<\/em>, Royal Geographic Society, Hong Kong<br \/>2013\u00a0\u00a0\u00a0\u00a0 <em>Mongolia: Nomads, Caravans and Migrations<\/em>, French International School, Hong Kong<br \/>2007 \u00a0 \u00a0\u00a0<em>Vastness, Magnificience, Simplicity,\u00a0<\/em>Ecole Sup\u00e9rieure de Commerce,\u00a0Neuch\u00e2tel, Suisse<em><br \/>\n2006 \u00a0 \u00a0\u00a0Vastness, Magnificience, Simplicity, <\/em>American Women\u2019s Association, HK Visual Arts Center, Hong Kong<em><br \/>\n2006 \u00a0 \u00a0\u00a0Spatial odyssey back in times, <\/em>Swiss Business Council, Hong Kong[\/vc_column_text][vc_column_text uncode_shortcode_id=\u00a0\u00bb181347&Prime;]<\/p>\n<h3><strong>Publications<\/strong><\/h3>\n<p>[\/vc_column_text][vc_column_text uncode_shortcode_id=\u00a0\u00bb295188&Prime;]2022\u00a0\u00a0\u00a0\u00a0 <em>Hunters, Warriors, Spirits Nomadic Art of North China<\/em><br \/>Auteurs : Hing Chao and Isabelle Frank,<br \/>Editeur : City University Press<br \/>Pages : 8, 88, 89, 90, 91,94, 95, 100, 101, 120, 12122, 123, 208, 209, 310, 311<br \/>ISBN 978-962-442-463-8<br \/>2017 \u00a0\u00a0\u00a0 <em>Spatial odyssey back in times<\/em><br \/>Editeur : Latitude 22N<br \/>2013 \u00a0\u00a0\u00a0 <em>Nomades, Caravanes et Migrations<\/em><br \/>Editeur : Latitude 22N[\/vc_column_text][\/vc_column][\/vc_row]<\/p>\n<\/div>","protected":false},"excerpt":{"rendered":"<p>Marc Progin est un fou, amoureux de voyages en nature, \u00e0 pied ou \u00e0 v\u00e9lo, de la vraie aventure pour laquelle, chaque ann\u00e9e, plusieurs fois il rallie, les steppes et les d\u00e9serts des terres de Mongolie. Des voyages en transit entre le temps et l\u2019espace d\u2019une autre dimension depuis qu\u2019il a quitt\u00e9 son m\u00e9tier d\u2019horloger.<\/p>\n","protected":false},"author":1,"featured_media":0,"parent":3908,"menu_order":0,"comment_status":"closed","ping_status":"closed","template":"","meta":{"footnotes":""},"class_list":["post-7753","page","type-page","status-publish","hentry"],"aioseo_notices":[],"_links":{"self":[{"href":"https:\/\/www.progin.com\/fr\/wp-json\/wp\/v2\/pages\/7753","targetHints":{"allow":["GET"]}}],"collection":[{"href":"https:\/\/www.progin.com\/fr\/wp-json\/wp\/v2\/pages"}],"about":[{"href":"https:\/\/www.progin.com\/fr\/wp-json\/wp\/v2\/types\/page"}],"author":[{"embeddable":true,"href":"https:\/\/www.progin.com\/fr\/wp-json\/wp\/v2\/users\/1"}],"replies":[{"embeddable":true,"href":"https:\/\/www.progin.com\/fr\/wp-json\/wp\/v2\/comments?post=7753"}],"version-history":[{"count":6,"href":"https:\/\/www.progin.com\/fr\/wp-json\/wp\/v2\/pages\/7753\/revisions"}],"predecessor-version":[{"id":10600,"href":"https:\/\/www.progin.com\/fr\/wp-json\/wp\/v2\/pages\/7753\/revisions\/10600"}],"up":[{"embeddable":true,"href":"https:\/\/www.progin.com\/fr\/wp-json\/wp\/v2\/pages\/3908"}],"wp:attachment":[{"href":"https:\/\/www.progin.com\/fr\/wp-json\/wp\/v2\/media?parent=7753"}],"curies":[{"name":"wp","href":"https:\/\/api.w.org\/{rel}","templated":true}]}}