{"id":6265,"date":"2014-09-19T06:49:50","date_gmt":"2014-09-19T06:49:50","guid":{"rendered":"http:\/\/www.progin.com\/fr\/?page_id=6265"},"modified":"2023-03-18T00:19:02","modified_gmt":"2023-03-18T00:19:02","slug":"cart","status":"publish","type":"page","link":"https:\/\/www.progin.com\/fr\/cart\/","title":{"rendered":"Panier"},"content":{"rendered":"<div class=\"wpb-content-wrapper\"><p>[vc_row unlock_row_content=\u00a0\u00bbyes\u00a0\u00bb row_height_percent=\u00a0\u00bb0&Prime; override_padding=\u00a0\u00bbyes\u00a0\u00bb h_padding=\u00a0\u00bb4&Prime; top_padding=\u00a0\u00bb2&Prime; bottom_padding=\u00a0\u00bb4&Prime; back_color=\u00a0\u00bbcolor-562656&Prime; overlay_alpha=\u00a0\u00bb50&Prime; gutter_size=\u00a0\u00bb3&Prime; column_width_percent=\u00a0\u00bb100&Prime; shift_y=\u00a0\u00bb0&Prime; z_index=\u00a0\u00bb0&Prime; changer_back_color=\u00a0\u00bbyes\u00a0\u00bb uncode_shortcode_id=\u00a0\u00bb133808&Prime; back_color_type=\u00a0\u00bbuncode-palette\u00a0\u00bb][vc_column][uncode_woocommerce_cart cart_layout=\u00a0\u00bbhorizontal\u00a0\u00bb cart_main_area_size=\u00a0\u00bb8&Prime; cart_columns_gap=\u00a0\u00bb3&Prime; equal_height=\u00a0\u00bbyes\u00a0\u00bb thumb_size=\u00a0\u00bbmedium\u00a0\u00bb cart_totals_style=\u00a0\u00bblight\u00a0\u00bb cart_totals_back_color=\u00a0\u00bbcolor-lxmt\u00a0\u00bb cart_activate_custom_buttons=\u00a0\u00bbyes\u00a0\u00bb cart_button_wide=\u00a0\u00bbyes\u00a0\u00bb cart_button_border_width=\u00a0\u00bb0&Prime; main_button_alignment=\u00a0\u00bbleft\u00a0\u00bb uncode_shortcode_id=\u00a0\u00bb208341&Prime; cart_totals_back_color_type=\u00a0\u00bbuncode-palette\u00a0\u00bb][\/vc_column][\/vc_row]<\/p>\n<\/div>","protected":false},"excerpt":{"rendered":"<p>Marc Progin est un fou, amoureux de voyages en nature, \u00e0 pied ou \u00e0 v\u00e9lo, de la vraie aventure pour laquelle, chaque ann\u00e9e, plusieurs fois il rallie, les steppes et les d\u00e9serts des terres de Mongolie. Des voyages en transit entre le temps et l\u2019espace d\u2019une autre dimension depuis qu\u2019il a quitt\u00e9 son m\u00e9tier d\u2019horloger.<\/p>\n","protected":false},"author":1,"featured_media":0,"parent":0,"menu_order":0,"comment_status":"closed","ping_status":"closed","template":"","meta":{"footnotes":""},"class_list":["post-6265","page","type-page","status-publish","hentry"],"aioseo_notices":[],"_links":{"self":[{"href":"https:\/\/www.progin.com\/fr\/wp-json\/wp\/v2\/pages\/6265","targetHints":{"allow":["GET"]}}],"collection":[{"href":"https:\/\/www.progin.com\/fr\/wp-json\/wp\/v2\/pages"}],"about":[{"href":"https:\/\/www.progin.com\/fr\/wp-json\/wp\/v2\/types\/page"}],"author":[{"embeddable":true,"href":"https:\/\/www.progin.com\/fr\/wp-json\/wp\/v2\/users\/1"}],"replies":[{"embeddable":true,"href":"https:\/\/www.progin.com\/fr\/wp-json\/wp\/v2\/comments?post=6265"}],"version-history":[{"count":4,"href":"https:\/\/www.progin.com\/fr\/wp-json\/wp\/v2\/pages\/6265\/revisions"}],"predecessor-version":[{"id":9929,"href":"https:\/\/www.progin.com\/fr\/wp-json\/wp\/v2\/pages\/6265\/revisions\/9929"}],"wp:attachment":[{"href":"https:\/\/www.progin.com\/fr\/wp-json\/wp\/v2\/media?parent=6265"}],"curies":[{"name":"wp","href":"https:\/\/api.w.org\/{rel}","templated":true}]}}