{"id":3947,"date":"2014-12-09T00:15:28","date_gmt":"2014-12-09T00:15:28","guid":{"rendered":"http:\/\/www.progin.com\/fr\/?page_id=3947"},"modified":"2023-03-18T00:25:17","modified_gmt":"2023-03-18T00:25:17","slug":"commander-pour-un-projet","status":"publish","type":"page","link":"https:\/\/www.progin.com\/fr\/commander-pour-un-projet\/","title":{"rendered":"Commander des tirages pour un projet"},"content":{"rendered":"<div class=\"wpb-content-wrapper\"><p>[vc_row unlock_row_content=\u00a0\u00bbyes\u00a0\u00bb row_height_percent=\u00a0\u00bb0&Prime; override_padding=\u00a0\u00bbyes\u00a0\u00bb h_padding=\u00a0\u00bb4&Prime; top_padding=\u00a0\u00bb2&Prime; bottom_padding=\u00a0\u00bb4&Prime; overlay_alpha=\u00a0\u00bb50&Prime; equal_height=\u00a0\u00bbyes\u00a0\u00bb gutter_size=\u00a0\u00bb3&Prime; column_width_percent=\u00a0\u00bb100&Prime; shift_y=\u00a0\u00bb0&Prime; z_index=\u00a0\u00bb0&Prime; uncode_shortcode_id=\u00a0\u00bb332405&Prime;][vc_column column_width_percent=\u00a0\u00bb100&Prime; gutter_size=\u00a0\u00bb3&Prime; overlay_alpha=\u00a0\u00bb50&Prime; shift_x=\u00a0\u00bb0&Prime; shift_y=\u00a0\u00bb0&Prime; shift_y_down=\u00a0\u00bb0&Prime; z_index=\u00a0\u00bb0&Prime; medium_width=\u00a0\u00bb0&Prime; mobile_width=\u00a0\u00bb0&Prime; width=\u00a0\u00bb1\/2&Prime; uncode_shortcode_id=\u00a0\u00bb161233&Prime;][vc_column_text uncode_shortcode_id=\u00a0\u00bb164826&Prime;]<\/p>\n<h2 style=\"text-align: left;\">Madame, Monsieur, bonjour !<\/h2>\n<p class=\"impact-text\">Que vous soyez un consultant ou un architecte d\u2019int\u00e9rieur d\u2019h\u00f4tels, de restaurants, de bureaux,\u00a0d\u2019espaces publiques, ou une soci\u00e9t\u00e9 int\u00e9ress\u00e9e \u00e0 embellir vos espaces avec nos fresques naturelles,\u00a0contactez-nous !<\/p>\n<p class=\"impact-text\">Nous travaillons exclusivement en ext\u00e9rieur avec de la lumi\u00e8re naturelle pour \u00e9clairer\u00a0votre int\u00e9rieur.<\/p>\n<p class=\"impact-text\">Nous serons ravis de collaborer \u00e0 vos projets, qu\u2019ils visent \u00e0 ajouter de la grandeur, de la beaut\u00e9,\u00a0ou encore de la s\u00e9r\u00e9nit\u00e9, voire de l\u2019aventure \u00e0 vos murs.<\/p>\n<p class=\"impact-text\">Nous avons travaill\u00e9 sur plusieurs projets, dont un h\u00f4tel \u00e0 Hong Kong pour la d\u00e9co de 129 chambres,\u00a0un bar d\u2019h\u00f4tel de luxe au Canada, et d\u00e9cor\u00e9 bon nombre d\u2019espaces commerciaux avec des photographies\u00a0de grands formats, pr\u00eates \u00e0 \u00eatre suspendues.<\/p>\n<p class=\"impact-text\">Certaines de nos photographies sont \u00e9galement disponibles sous format num\u00e9rique pour la presse et l\u2019\u00e9dition,\u00a0comme par exemple l\u2019illustration de livres.<\/p>\n<p>[\/vc_column_text][vc_button size=\u00a0\u00bblink\u00a0\u00bb italic=\u00a0\u00bbyes\u00a0\u00bb icon_position=\u00a0\u00bbright\u00a0\u00bb link=\u00a0\u00bburl:https%3A%2F%2Fwww.progin.com%2Ffr%2Fcontact%2F|\u00a0\u00bb icon=\u00a0\u00bbfa fa-arrow-right4&Prime; uncode_shortcode_id=\u00a0\u00bb117809&Prime;]Contactez nous[\/vc_button][\/vc_column][vc_column column_width_percent=\u00a0\u00bb100&Prime; gutter_size=\u00a0\u00bb3&Prime; overlay_alpha=\u00a0\u00bb50&Prime; shift_x=\u00a0\u00bb0&Prime; shift_y=\u00a0\u00bb0&Prime; shift_y_down=\u00a0\u00bb0&Prime; z_index=\u00a0\u00bb0&Prime; medium_width=\u00a0\u00bb0&Prime; mobile_width=\u00a0\u00bb0&Prime; sticky=\u00a0\u00bbyes\u00a0\u00bb width=\u00a0\u00bb1\/2&Prime;][vc_single_image media=\u00a0\u00bb7467&Prime; media_lightbox=\u00a0\u00bbyes\u00a0\u00bb media_width_percent=\u00a0\u00bb100&Prime;][\/vc_column][\/vc_row]<\/p>\n<\/div>","protected":false},"excerpt":{"rendered":"<p>Que vous soyez un consultant ou un architecte d&rsquo;int\u00e9rieur d&rsquo;h\u00f4tels, de restaurants, de bureaux,\u00a0d&rsquo;espaces publiques, ou une soci\u00e9t\u00e9 int\u00e9ress\u00e9e \u00e0 embellir vos espaces avec nos fresques naturelles,\u00a0contactez-nous !<\/p>\n","protected":false},"author":1,"featured_media":0,"parent":0,"menu_order":0,"comment_status":"closed","ping_status":"closed","template":"","meta":{"footnotes":""},"class_list":["post-3947","page","type-page","status-publish","hentry"],"aioseo_notices":[],"_links":{"self":[{"href":"https:\/\/www.progin.com\/fr\/wp-json\/wp\/v2\/pages\/3947","targetHints":{"allow":["GET"]}}],"collection":[{"href":"https:\/\/www.progin.com\/fr\/wp-json\/wp\/v2\/pages"}],"about":[{"href":"https:\/\/www.progin.com\/fr\/wp-json\/wp\/v2\/types\/page"}],"author":[{"embeddable":true,"href":"https:\/\/www.progin.com\/fr\/wp-json\/wp\/v2\/users\/1"}],"replies":[{"embeddable":true,"href":"https:\/\/www.progin.com\/fr\/wp-json\/wp\/v2\/comments?post=3947"}],"version-history":[{"count":6,"href":"https:\/\/www.progin.com\/fr\/wp-json\/wp\/v2\/pages\/3947\/revisions"}],"predecessor-version":[{"id":9949,"href":"https:\/\/www.progin.com\/fr\/wp-json\/wp\/v2\/pages\/3947\/revisions\/9949"}],"wp:attachment":[{"href":"https:\/\/www.progin.com\/fr\/wp-json\/wp\/v2\/media?parent=3947"}],"curies":[{"name":"wp","href":"https:\/\/api.w.org\/{rel}","templated":true}]}}