{"id":3939,"date":"2014-09-19T09:13:40","date_gmt":"2014-09-19T09:13:40","guid":{"rendered":"http:\/\/www.progin.com\/fr\/?page_id=3939"},"modified":"2026-03-05T05:04:20","modified_gmt":"2026-03-05T05:04:20","slug":"formats-et-finitions","status":"publish","type":"page","link":"https:\/\/www.progin.com\/fr\/formats-et-finitions\/","title":{"rendered":"Formats et finitions"},"content":{"rendered":"<div class=\"wpb-content-wrapper\"><p>[vc_row unlock_row_content=\u00a0\u00bbyes\u00a0\u00bb row_height_percent=\u00a0\u00bb0&Prime; override_padding=\u00a0\u00bbyes\u00a0\u00bb h_padding=\u00a0\u00bb4&Prime; top_padding=\u00a0\u00bb2&Prime; bottom_padding=\u00a0\u00bb4&Prime; back_color=\u00a0\u00bbcolor-lxmt\u00a0\u00bb overlay_alpha=\u00a0\u00bb50&Prime; equal_height=\u00a0\u00bbyes\u00a0\u00bb gutter_size=\u00a0\u00bb3&Prime; column_width_percent=\u00a0\u00bb100&Prime; shift_y=\u00a0\u00bb0&Prime; z_index=\u00a0\u00bb0&Prime; uncode_shortcode_id=\u00a0\u00bb181493&Prime; back_color_type=\u00a0\u00bbuncode-palette\u00a0\u00bb][vc_column column_width_percent=\u00a0\u00bb100&Prime; gutter_size=\u00a0\u00bb3&Prime; overlay_alpha=\u00a0\u00bb50&Prime; shift_x=\u00a0\u00bb0&Prime; shift_y=\u00a0\u00bb0&Prime; shift_y_down=\u00a0\u00bb0&Prime; z_index=\u00a0\u00bb0&Prime; medium_width=\u00a0\u00bb0&Prime; mobile_width=\u00a0\u00bb0&Prime; uncode_shortcode_id=\u00a0\u00bb128932&Prime;][vc_custom_heading heading_semantic=\u00a0\u00bbh3&Prime; text_font=\u00a0\u00bbfont-130617&Prime; text_size=\u00a0\u00bbh3&Prime; uncode_shortcode_id=\u00a0\u00bb101508&Prime;]<\/p>\n<h3 style=\"text-align: left;\">Formats et finitions<\/h3>\n<p>[\/vc_custom_heading][vc_empty_space empty_h=\u00a0\u00bb2&Prime;][vc_column_text uncode_shortcode_id=\u00a0\u00bb105016&Prime;]<\/p>\n<h5>NOS FORMATS<\/h5>\n<p>Les formats d\u2019images suivent d\u2019une part, ceux du capteur de l\u2019appareil de photo, soit du 24 x 36, d\u2019une autre, les grandeurs correspondantes les plus courantes pour l\u2019encadrement standard de photographies.<br \/>Si vous souhaitez acqu\u00e9rir une photo ou si vous avez des questions ou une demande pour un format diff\u00e9rent, contactez Blue Lotus Gallery pour les demandes pour Hong Kong et Latitude 22N pour les demandes \u00e0 l\u2019international. <a href=\"https:\/\/www.progin.com\/fr\/contact\/\" target=\"_blank\" rel=\"noopener noreferrer\">Contact Blue Lotus et Latitude 22N &gt;<\/a><\/p>\n<p>40 x 60 cm \u2013 avec\u00a0bordure blanche 48 x 68 cm<br \/>60 x 90 cm \u2013 avec\u00a0bordure blanche 70 x 100 cm<br \/>80 x 120 cm \u2013 avec\u00a0bordure blanche 90 x 130 cm<\/p>\n<h5>\u00c0 PROPOS DE NOS TIRAGES<\/h5>\n<p>Nos photographies sont toutes issues d\u2019un original certifi\u00e9 authentique dont les tirages sont de hautes d\u00e9finitions, et imprim\u00e9es sur papier Hahnem\u00fchle Photo Rag\u00ae Bright White \/ 310 gsm en finition mate ou Kodak Endura en finition brillante.<br \/>Nous ne livrons que de la haute qualit\u00e9. La reproduction, la nettet\u00e9 et le contraste sont d\u2019une qualit\u00e9 optimale.<\/p>\n<p>Tous nos tirages ont une bordure blanche vous permettant de les encadrer facilement avec un passe-partout.\u00a0Afin de prot\u00e9ger votre tirage des rayons UV et de l\u2019humidit\u00e9 nous vous recommandons vivement de l\u2019encadrer. Ci-dessous veuillez trouver nos suggestions pour l\u2019encadrement de votre photo.<\/p>\n<h5 style=\"text-align: left;\">SUGGESTIONS POUR L\u2019ENCADREMENT DE VOTRE PHOTO<\/h5>\n<p>[\/vc_column_text][vc_row_inner][vc_column_inner width=\u00a0\u00bb1\/2&Prime;][vc_single_image media=\u00a0\u00bb7915&Prime; media_width_percent=\u00a0\u00bb100&Prime;][\/vc_column_inner][vc_column_inner width=\u00a0\u00bb1\/2&Prime;][vc_column_text uncode_shortcode_id=\u00a0\u00bb193200&Prime;]<\/p>\n<h5 style=\"text-align: left;\">POUR UNE PHOTO PETIT FORMAT, CONTRECOLLAGE SUR POLYM\u00c8RE<\/h5>\n<p>Une finition originale et discr\u00e8te <strong><em>pour les \u0153uvres de petit format<\/em><\/strong>, id\u00e9ale pour composer une s\u00e9rie.<\/p>\n<p>Le tirage est recouvert par un film anti-reflet qui le prot\u00e8ge de l\u2019alt\u00e9ration de l\u2019humidit\u00e9 et des rayons UV.<br \/>Il est coll\u00e9 sans d\u00e9bord sur une plaque de polym\u00e8re de 3mm \u00e0 5mm d\u2019\u00e9paisseur qui permet d\u2019assurer parfaitement la rigidit\u00e9 des tirages de petite taille. Une attache permet de l\u2019accrocher directement au mur.[\/vc_column_text][\/vc_column_inner][\/vc_row_inner][vc_row_inner][vc_column_inner width=\u00a0\u00bb1\/2&Prime;][vc_single_image media=\u00a0\u00bb3870&Prime; media_width_percent=\u00a0\u00bb100&Prime;][\/vc_column_inner][vc_column_inner width=\u00a0\u00bb1\/2&Prime;][vc_column_text uncode_shortcode_id=\u00a0\u00bb188778&Prime;]<\/p>\n<h5 style=\"text-align: left;\">POUR TOUS LES FORMATS, ENCADREMENT TRADITIONNEL<\/h5>\n<p><\/p>\n<p style=\"text-align: left;\">Intemporel et adapt\u00e9 aux \u0153uvres anciennes comme contemporaines, l\u2019encadrement sous verre permet de magnifier le tirage en l\u2019isolant de son environnement gr\u00e2ce \u00e0 un passe-partout. \u2028Le tirage s\u2019ins\u00e8re dans un cadre qui prot\u00e8ge la photographie gr\u00e2ce \u00e0 un verre d\u2019encadrement. Un passe-partout au pH neutre permet de prot\u00e9ger la photographie d\u2019un contact avec le verre et d\u2019\u00e9viter ainsi tout ph\u00e9nom\u00e8ne de condensation.[\/vc_column_text][\/vc_column_inner][\/vc_row_inner][vc_row_inner][vc_column_inner width=\u00a0\u00bb1\/2&Prime;][vc_single_image media=\u00a0\u00bb3871&Prime; media_width_percent=\u00a0\u00bb100&Prime;][\/vc_column_inner][vc_column_inner width=\u00a0\u00bb1\/2&Prime;][vc_column_text uncode_shortcode_id=\u00a0\u00bb781047&Prime;]<\/p>\n<h5 style=\"text-align: left;\">POUR UNE PHOTO DE MOYEN OU DE GRAND FORMAT, CONTRECOLLAGE SUR ALUMINIUM AVEC PLEXI<\/h5>\n<p>Une finition assurant une protection optimale de l\u2019\u0153uvre et une mise en valeur optimale des couleurs et des contrastes. <strong><em>Cette finition est la plus adapt\u00e9e pour conserver parfaitement une photographie de tr\u00e8s grande taille parfaitement plane dans la dur\u00e9e.<\/em><\/strong><\/p>\n<p>Le tirage est recouvert par une plaque de verre acrylique plexi. L\u2019adh\u00e9rence se fait par la r\u00e9action entre deux composants liquides, sans colle. Le tirage est parfaitement prot\u00e9g\u00e9 et acquiert une profondeur, un \u00e9clat et une intensit\u00e9 des couleurs renforc\u00e9es.<br \/>Il est coll\u00e9 sans d\u00e9bord sur une plaque d\u2019aluminium composite (de marque Dibond, Alucobond, ou Tubond). Ce mat\u00e9riau fin et l\u00e9ger, constitu\u00e9 de deux couches d\u2019aluminium autour d\u2019un noyau poly\u00e9thyl\u00e8ne.<br \/>Un ch\u00e2ssis rectangulaire de 2cm d\u2019\u00e9paisseur situ\u00e9 au dos de la plaque permet de rigidifier la structure et d\u2019accrocher la photographie en l\u2019\u00e9loignant du mur.[\/vc_column_text][\/vc_column_inner][\/vc_row_inner][\/vc_column][\/vc_row]<\/p>\n<\/div>","protected":false},"excerpt":{"rendered":"<p>Les formats d&rsquo;images suivent d&rsquo;une part, ceux du capteur de l&rsquo;appareil de photo, soit du 24 x 36, d&rsquo;une autre, les grandeurs correspondantes les plus courantes pour l&rsquo;encadrement standard de photographies.<\/p>\n","protected":false},"author":1,"featured_media":0,"parent":0,"menu_order":0,"comment_status":"closed","ping_status":"closed","template":"","meta":{"footnotes":""},"class_list":["post-3939","page","type-page","status-publish","hentry"],"aioseo_notices":[],"_links":{"self":[{"href":"https:\/\/www.progin.com\/fr\/wp-json\/wp\/v2\/pages\/3939","targetHints":{"allow":["GET"]}}],"collection":[{"href":"https:\/\/www.progin.com\/fr\/wp-json\/wp\/v2\/pages"}],"about":[{"href":"https:\/\/www.progin.com\/fr\/wp-json\/wp\/v2\/types\/page"}],"author":[{"embeddable":true,"href":"https:\/\/www.progin.com\/fr\/wp-json\/wp\/v2\/users\/1"}],"replies":[{"embeddable":true,"href":"https:\/\/www.progin.com\/fr\/wp-json\/wp\/v2\/comments?post=3939"}],"version-history":[{"count":6,"href":"https:\/\/www.progin.com\/fr\/wp-json\/wp\/v2\/pages\/3939\/revisions"}],"predecessor-version":[{"id":10616,"href":"https:\/\/www.progin.com\/fr\/wp-json\/wp\/v2\/pages\/3939\/revisions\/10616"}],"wp:attachment":[{"href":"https:\/\/www.progin.com\/fr\/wp-json\/wp\/v2\/media?parent=3939"}],"curies":[{"name":"wp","href":"https:\/\/api.w.org\/{rel}","templated":true}]}}