{"id":3908,"date":"2014-09-19T09:09:05","date_gmt":"2014-09-19T09:09:05","guid":{"rendered":"http:\/\/www.progin.com\/fr\/?page_id=3908"},"modified":"2026-03-05T02:56:39","modified_gmt":"2026-03-05T02:56:39","slug":"a-propos-de-marc-progin","status":"publish","type":"page","link":"https:\/\/www.progin.com\/fr\/a-propos-de-marc-progin\/","title":{"rendered":"\u00c0 propos"},"content":{"rendered":"<div class=\"wpb-content-wrapper\"><p>[vc_row unlock_row_content=\u00a0\u00bbyes\u00a0\u00bb row_height_percent=\u00a0\u00bb0&Prime; override_padding=\u00a0\u00bbyes\u00a0\u00bb h_padding=\u00a0\u00bb4&Prime; top_padding=\u00a0\u00bb2&Prime; bottom_padding=\u00a0\u00bb4&Prime; back_color=\u00a0\u00bbcolor-562656&Prime; overlay_alpha=\u00a0\u00bb50&Prime; equal_height=\u00a0\u00bbyes\u00a0\u00bb gutter_size=\u00a0\u00bb3&Prime; column_width_percent=\u00a0\u00bb100&Prime; shift_y=\u00a0\u00bb0&Prime; z_index=\u00a0\u00bb0&Prime; uncode_shortcode_id=\u00a0\u00bb806005&Prime; back_color_type=\u00a0\u00bbuncode-palette\u00a0\u00bb][vc_column column_width_percent=\u00a0\u00bb100&Prime; gutter_size=\u00a0\u00bb3&Prime; back_color=\u00a0\u00bbcolor-562656&Prime; overlay_alpha=\u00a0\u00bb50&Prime; shift_x=\u00a0\u00bb0&Prime; shift_y=\u00a0\u00bb0&Prime; shift_y_down=\u00a0\u00bb0&Prime; z_index=\u00a0\u00bb0&Prime; medium_width=\u00a0\u00bb0&Prime; mobile_width=\u00a0\u00bb0&Prime; width=\u00a0\u00bb1\/3&Prime;][vc_column_text uncode_shortcode_id=\u00a0\u00bb227108&Prime;]<\/p>\n<h3>En quelques mots<\/h3>\n<p>[\/vc_column_text][vc_column_text]<br \/>\nC\u2019est un fou, amoureux de voyages en nature, \u00e0 pied ou \u00e0 v\u00e9lo, de la vraie aventure pour laquelle, chaque ann\u00e9e, plusieurs fois il rallie, les steppes et les d\u00e9serts des terres de Mongolie\u2026<br \/>\n[\/vc_column_text][vc_button size=\u00a0\u00bblink\u00a0\u00bb italic=\u00a0\u00bbyes\u00a0\u00bb icon_position=\u00a0\u00bbright\u00a0\u00bb link=\u00a0\u00bburl:https%3A%2F%2Fwww.progin.com%2Ffr%2Fa-propos-de-marc-progin%2Fen-quelques-mots%2F|\u00a0\u00bb icon=\u00a0\u00bbfa fa-arrow-right4&Prime; uncode_shortcode_id=\u00a0\u00bb161069&Prime;]Lire la suite[\/vc_button][\/vc_column][vc_column column_width_percent=\u00a0\u00bb100&Prime; gutter_size=\u00a0\u00bb3&Prime; back_color=\u00a0\u00bbcolor-562656&Prime; overlay_alpha=\u00a0\u00bb50&Prime; shift_x=\u00a0\u00bb0&Prime; shift_y=\u00a0\u00bb0&Prime; shift_y_down=\u00a0\u00bb0&Prime; z_index=\u00a0\u00bb0&Prime; medium_width=\u00a0\u00bb0&Prime; mobile_width=\u00a0\u00bb0&Prime; width=\u00a0\u00bb1\/3&Prime;][vc_column_text uncode_shortcode_id=\u00a0\u00bb202320&Prime;]<\/p>\n<h3>Simple et amusant<\/h3>\n<p>[\/vc_column_text][vc_column_text]<br \/>\nDe ses noms d\u2019emprunt aux sports qu\u2019il pratique, en passant par les conf\u00e9rences qu\u2019il donne ou encore ses projets et passions,\u00a0c\u2019est une mine d\u2019infos, ou son identit\u00e9 r\u00e9v\u00e9l\u00e9e\u2026 c\u2019est simple et amusant.<br \/>\n[\/vc_column_text][vc_button size=\u00a0\u00bblink\u00a0\u00bb icon_position=\u00a0\u00bbright\u00a0\u00bb link=\u00a0\u00bburl:https%3A%2F%2Fwww.progin.com%2Ffr%2Fa-propos-de-marc-progin%2Fsimple-et-amusant%2F|\u00a0\u00bb icon=\u00a0\u00bbfa fa-arrow-right4&Prime; uncode_shortcode_id=\u00a0\u00bb149567&Prime;]Lire la suite[\/vc_button][\/vc_column][vc_column column_width_percent=\u00a0\u00bb100&Prime; gutter_size=\u00a0\u00bb3&Prime; back_color=\u00a0\u00bbcolor-562656&Prime; overlay_alpha=\u00a0\u00bb50&Prime; shift_x=\u00a0\u00bb0&Prime; shift_y=\u00a0\u00bb0&Prime; shift_y_down=\u00a0\u00bb0&Prime; z_index=\u00a0\u00bb0&Prime; medium_width=\u00a0\u00bb0&Prime; mobile_width=\u00a0\u00bb0&Prime; width=\u00a0\u00bb1\/3&Prime;][vc_column_text uncode_shortcode_id=\u00a0\u00bb142632&Prime;]<\/p>\n<h3>Odyss\u00e9e Mongole<\/h3>\n<p>[\/vc_column_text][vc_column_text uncode_shortcode_id=\u00a0\u00bb784850&Prime;]<br \/>\nUn abr\u00e9g\u00e9 de l\u2019odyss\u00e9e cycliste de 20.000 km. de Marc Progin, lequel, ici, r\u00e9v\u00e8le les contrastes entre la beaut\u00e9 du voyage int\u00e9rieur, la difficult\u00e9 du parcours et l\u2019aisance de la plume.<br \/>\n[\/vc_column_text][vc_button size=\u00a0\u00bblink\u00a0\u00bb icon_position=\u00a0\u00bbright\u00a0\u00bb link=\u00a0\u00bburl:https%3A%2F%2Fwww.progin.com%2Ffr%2Fa-propos-de-marc-progin%2Fodyssee-mongole%2F|\u00a0\u00bb icon=\u00a0\u00bbfa fa-arrow-right4&Prime; uncode_shortcode_id=\u00a0\u00bb779007&Prime;]Lire la suite[\/vc_button][\/vc_column][\/vc_row]<\/p>\n<\/div>","protected":false},"excerpt":{"rendered":"<p>C\u2019est un fou, amoureux de voyages en nature, \u00e0 pied ou \u00e0 v\u00e9lo, de la vraie aventure pour laquelle, chaque ann\u00e9e, plusieurs fois il rallie, les steppes et les d\u00e9serts des terres de Mongolie. Des voyages en transit entre le temps et l\u2019espace d\u2019une autre dimension depuis qu\u2019il a quitt\u00e9 son m\u00e9tier d\u2019horloger.<\/p>\n","protected":false},"author":1,"featured_media":0,"parent":0,"menu_order":0,"comment_status":"closed","ping_status":"closed","template":"","meta":{"footnotes":""},"class_list":["post-3908","page","type-page","status-publish","hentry"],"aioseo_notices":[],"_links":{"self":[{"href":"https:\/\/www.progin.com\/fr\/wp-json\/wp\/v2\/pages\/3908","targetHints":{"allow":["GET"]}}],"collection":[{"href":"https:\/\/www.progin.com\/fr\/wp-json\/wp\/v2\/pages"}],"about":[{"href":"https:\/\/www.progin.com\/fr\/wp-json\/wp\/v2\/types\/page"}],"author":[{"embeddable":true,"href":"https:\/\/www.progin.com\/fr\/wp-json\/wp\/v2\/users\/1"}],"replies":[{"embeddable":true,"href":"https:\/\/www.progin.com\/fr\/wp-json\/wp\/v2\/comments?post=3908"}],"version-history":[{"count":6,"href":"https:\/\/www.progin.com\/fr\/wp-json\/wp\/v2\/pages\/3908\/revisions"}],"predecessor-version":[{"id":10602,"href":"https:\/\/www.progin.com\/fr\/wp-json\/wp\/v2\/pages\/3908\/revisions\/10602"}],"wp:attachment":[{"href":"https:\/\/www.progin.com\/fr\/wp-json\/wp\/v2\/media?parent=3908"}],"curies":[{"name":"wp","href":"https:\/\/api.w.org\/{rel}","templated":true}]}}