{"id":3903,"date":"2014-09-19T09:13:49","date_gmt":"2014-09-19T09:13:49","guid":{"rendered":"http:\/\/www.progin.com\/fr\/?page_id=3903"},"modified":"2023-03-18T00:28:44","modified_gmt":"2023-03-18T00:28:44","slug":"paiement","status":"publish","type":"page","link":"https:\/\/www.progin.com\/fr\/paiement\/","title":{"rendered":"Paiement"},"content":{"rendered":"<div class=\"wpb-content-wrapper\"><p>[vc_row unlock_row_content=\u00a0\u00bbyes\u00a0\u00bb row_height_percent=\u00a0\u00bb0&Prime; override_padding=\u00a0\u00bbyes\u00a0\u00bb h_padding=\u00a0\u00bb4&Prime; top_padding=\u00a0\u00bb2&Prime; bottom_padding=\u00a0\u00bb4&Prime; back_color=\u00a0\u00bbcolor-562656&Prime; overlay_alpha=\u00a0\u00bb50&Prime; equal_height=\u00a0\u00bbyes\u00a0\u00bb gutter_size=\u00a0\u00bb3&Prime; column_width_percent=\u00a0\u00bb100&Prime; shift_y=\u00a0\u00bb0&Prime; z_index=\u00a0\u00bb0&Prime; uncode_shortcode_id=\u00a0\u00bb121536&Prime; back_color_type=\u00a0\u00bbuncode-palette\u00a0\u00bb][vc_column column_width_percent=\u00a0\u00bb100&Prime; gutter_size=\u00a0\u00bb3&Prime; overlay_alpha=\u00a0\u00bb50&Prime; shift_x=\u00a0\u00bb0&Prime; shift_y=\u00a0\u00bb0&Prime; shift_y_down=\u00a0\u00bb0&Prime; z_index=\u00a0\u00bb0&Prime; medium_width=\u00a0\u00bb0&Prime; mobile_width=\u00a0\u00bb0&Prime; width=\u00a0\u00bb1\/3&Prime; uncode_shortcode_id=\u00a0\u00bb112416&Prime;][vc_column_text uncode_shortcode_id=\u00a0\u00bb193480&Prime;]<\/p>\n<h3>Devises<\/h3>\n<p>Tous nos prix sont en Hong Kong Dollars et votre commande sera pass\u00e9e en Hong Kong Dollars.<br \/>\n[\/vc_column_text][\/vc_column][vc_column column_width_percent=\u00a0\u00bb100&Prime; gutter_size=\u00a0\u00bb3&Prime; overlay_alpha=\u00a0\u00bb50&Prime; shift_x=\u00a0\u00bb0&Prime; shift_y=\u00a0\u00bb0&Prime; shift_y_down=\u00a0\u00bb0&Prime; z_index=\u00a0\u00bb0&Prime; medium_width=\u00a0\u00bb0&Prime; mobile_width=\u00a0\u00bb0&Prime; width=\u00a0\u00bb1\/3&Prime; uncode_shortcode_id=\u00a0\u00bb135195&Prime;][vc_column_text uncode_shortcode_id=\u00a0\u00bb195440&Prime;]<\/p>\n<h3>Carte de cr\u00e9dit<\/h3>\n<p>Nous acceptons les paiements par Visa, MasterCard, American Express and Discover. Les transactions effectu\u00e9es sur www.progin.com sont s\u00e9curis\u00e9es par le syst\u00e8me de paiement de notre partenaire PayPal. Il n\u2019est pas n\u00e9cessaire d\u2019avoir un compte PayPal pour \u00e9ffectuer un paiement par carte de cr\u00e9dit. Nous recevons vos paiements sans voir aucune de vos coordonn\u00e9es bancaire ou autres informations priv\u00e9es.<br \/>\nIl n\u2019y aura pas de frais pour les paiements par carte de cr\u00e9dit.<\/p>\n<p><em>Nota Bene: Lorsque vous allez proc\u00e9der au paiement, vous serez redirig\u00e9 sur le site de Paypal afin d\u2019accepter et \u00e9ffectuer la transaction.<\/em><br \/>\n[\/vc_column_text][\/vc_column][vc_column column_width_percent=\u00a0\u00bb100&Prime; gutter_size=\u00a0\u00bb3&Prime; overlay_alpha=\u00a0\u00bb50&Prime; shift_x=\u00a0\u00bb0&Prime; shift_y=\u00a0\u00bb0&Prime; shift_y_down=\u00a0\u00bb0&Prime; z_index=\u00a0\u00bb0&Prime; medium_width=\u00a0\u00bb0&Prime; mobile_width=\u00a0\u00bb0&Prime; width=\u00a0\u00bb1\/3&Prime; uncode_shortcode_id=\u00a0\u00bb201935&Prime;][vc_column_text uncode_shortcode_id=\u00a0\u00bb102650&Prime;]<\/p>\n<h3>PayPal<\/h3>\n<p>Nous acceptons \u00e9galement le paiement par\u00a0PayPal.<br \/>\n[\/vc_column_text][\/vc_column][\/vc_row]<\/p>\n<\/div>","protected":false},"excerpt":{"rendered":"<p>C\u2019est un fou, amoureux de voyages en nature, \u00e0 pied ou \u00e0 v\u00e9lo, de la vraie aventure pour laquelle, chaque ann\u00e9e, plusieurs fois il rallie, les steppes et les d\u00e9serts des terres de Mongolie. Des voyages en transit entre le temps et l\u2019espace d\u2019une autre dimension depuis qu\u2019il a quitt\u00e9 son m\u00e9tier d\u2019horloger.<\/p>\n","protected":false},"author":1,"featured_media":0,"parent":0,"menu_order":0,"comment_status":"closed","ping_status":"closed","template":"","meta":{"footnotes":""},"class_list":["post-3903","page","type-page","status-publish","hentry"],"aioseo_notices":[],"_links":{"self":[{"href":"https:\/\/www.progin.com\/fr\/wp-json\/wp\/v2\/pages\/3903","targetHints":{"allow":["GET"]}}],"collection":[{"href":"https:\/\/www.progin.com\/fr\/wp-json\/wp\/v2\/pages"}],"about":[{"href":"https:\/\/www.progin.com\/fr\/wp-json\/wp\/v2\/types\/page"}],"author":[{"embeddable":true,"href":"https:\/\/www.progin.com\/fr\/wp-json\/wp\/v2\/users\/1"}],"replies":[{"embeddable":true,"href":"https:\/\/www.progin.com\/fr\/wp-json\/wp\/v2\/comments?post=3903"}],"version-history":[{"count":6,"href":"https:\/\/www.progin.com\/fr\/wp-json\/wp\/v2\/pages\/3903\/revisions"}],"predecessor-version":[{"id":9958,"href":"https:\/\/www.progin.com\/fr\/wp-json\/wp\/v2\/pages\/3903\/revisions\/9958"}],"wp:attachment":[{"href":"https:\/\/www.progin.com\/fr\/wp-json\/wp\/v2\/media?parent=3903"}],"curies":[{"name":"wp","href":"https:\/\/api.w.org\/{rel}","templated":true}]}}