{"id":3886,"date":"2014-09-23T02:38:36","date_gmt":"2014-09-23T02:38:36","guid":{"rendered":"http:\/\/www.progin.com\/fr\/?page_id=3886"},"modified":"2026-03-05T05:07:49","modified_gmt":"2026-03-05T05:07:49","slug":"simple-et-amusant","status":"publish","type":"page","link":"https:\/\/www.progin.com\/fr\/a-propos-de-marc-progin\/simple-et-amusant\/","title":{"rendered":"Simple et amusant"},"content":{"rendered":"<div class=\"wpb-content-wrapper\"><p>[vc_row unlock_row_content=\u00a0\u00bbyes\u00a0\u00bb row_height_percent=\u00a0\u00bb0&Prime; override_padding=\u00a0\u00bbyes\u00a0\u00bb h_padding=\u00a0\u00bb4&Prime; top_padding=\u00a0\u00bb2&Prime; bottom_padding=\u00a0\u00bb4&Prime; back_color=\u00a0\u00bbcolor-lxmt\u00a0\u00bb overlay_alpha=\u00a0\u00bb50&Prime; gutter_size=\u00a0\u00bb3&Prime; column_width_percent=\u00a0\u00bb100&Prime; shift_y=\u00a0\u00bb0&Prime; z_index=\u00a0\u00bb0&Prime; uncode_shortcode_id=\u00a0\u00bb861864&Prime; back_color_type=\u00a0\u00bbuncode-palette\u00a0\u00bb][vc_column column_width_percent=\u00a0\u00bb100&Prime; gutter_size=\u00a0\u00bb3&Prime; overlay_alpha=\u00a0\u00bb50&Prime; shift_x=\u00a0\u00bb0&Prime; shift_y=\u00a0\u00bb0&Prime; shift_y_down=\u00a0\u00bb0&Prime; z_index=\u00a0\u00bb0&Prime; medium_width=\u00a0\u00bb0&Prime; mobile_width=\u00a0\u00bb0&Prime; uncode_shortcode_id=\u00a0\u00bb124257&Prime;][vc_column_text uncode_shortcode_id=\u00a0\u00bb208155&Prime;]<\/p>\n<h3 style=\"text-align: left;\">Simple et amusant<\/h3>\n<p>[\/vc_column_text][vc_column_text uncode_shortcode_id=\u00a0\u00bb153009&Prime;]<\/p>\n<h3 style=\"text-align: left;\">NOM CHINOIS<\/h3>\n<p>\u5305\u58eb\u54f2.\u00a0Nom choisi par Mme P. Lee et M. W. Mui, \u00e0 Hong Kong, en 1977. Trois caract\u00e8res qui, dirent-ils, traduisaient celui du soussign\u00e9 ainsi que son savoir, soit pour le premier\u00a0<em>Justice<\/em> du nom (B\u00e2o) d\u2019un juge c\u00e9l\u00e8bre de la dynastie des Song, le second <em>soldat<\/em> ou <em>lettr\u00e9 <\/em>(Shi)<em>, <\/em>le troisi\u00e8me<em> philosophe ou sage (Zh\u00e9). <\/em>Un nom pas facile \u00e0 porter mais pour lequel il n\u2019est pas n\u00e9cessaire \u00ab\u00a0d\u2019assumer\u00a0\u00bb si l\u2019on reste modeste.<\/p>\n<h3>NOM D\u2019EMPRUNT<\/h3>\n<p>\u00ab\u00a0V\u00e9lociraptor\u00a0\u00bb\u2026 acquis lors de l\u2019odyss\u00e9e du Gobi 2006 lorsqu\u2019il en rencontra les restes (\u00e0 para\u00eetre : l\u2019histoire sous la rubrique Mythes et l\u00e9gendes).<\/p>\n<h3>NAISSANCE<\/h3>\n<p>Il y a 65 millions d\u2019ann\u00e9es, au Cr\u00e9tac\u00e9 sup\u00e9rieur, et r\u00e9incarn\u00e9 le 1er mai 1945 \u00e0 Peseux, dans la banlieue ouvri\u00e8re de Neuch\u00e2tel, en Suisse.<\/p>\n<h3>NATIONALIT\u00c9<\/h3>\n<p>Suisse.<\/p>\n<h3>COMP\u00c9TENCES<\/h3>\n<p>+ ou \u2013 horloger, g\u00e9ographe, po\u00e8te et photographe.<\/p>\n<h3>LANGUES<\/h3>\n<p>Fran\u00e7ais, anglais, bonnes connaissances d\u2019allemand et des bribes de chinois et de mongol.<\/p>\n<h3>LIEU DE R\u00c9SIDENCE<\/h3>\n<p>Hong Kong depuis 1977.<\/p>\n<h3>SPORTS<\/h3>\n<p>Course \u00e0 pied d\u2019endurance d\u00e8s l\u2019\u00e2ge de 43 ans; coutumier de longues \u00e9preuves en montagne \u2013 plus de 30 courses de 100km, dont 3 championnats du monde 2003 (Taiwan), 2005 (Japon), 2007 (Hollande) en cat\u00e9gorie v\u00e9t\u00e9ran avec pour meilleur classement une 5\u00e8me place en 2003 et une 6\u00e8me en 9h39 en 2007. Dernier 100 km, en ao\u00fbt 2015, avec une 1\u00e8re place en cat\u00e9gorie v\u00e9t\u00e9ran. De nombreux marathons ainsi que d\u2019autres courses de longues distances. Voir aussi quelques statistiques\u00a0<a href=\"http:\/\/statistik.d-u-v.org\/getresultperson.php?runner=15667&amp;Language=EN\" target=\"_blank\" rel=\"noopener noreferrer\">ici&gt;<\/a><\/p>\n<h3>ACTIVIT\u00c9 PSYCHIQUE<\/h3>\n<p>Voyage int\u00e9rieur<\/p>\n<h3>MOYEN DE TRANSPORT<\/h3>\n<p>Bicyclette.<\/p>\n<h3>MOYENS ET GUIDES D\u2019ORIENTATION<\/h3>\n<p>Boussole et astres c\u00e9lestes.<\/p>\n<h3>CONCEPTION DES CARTES G\u00c9OGRAPHIQUES ET DES ITIN\u00c9RAIRES<\/h3>\n<p>Propre.<\/p>\n<h3>ENVIRONMENT ID\u00c9AL<\/h3>\n<p>Nature sauvage et espace d\u2019origine.<\/p>\n<h3>ENERGIE<\/h3>\n<p>Oxyg\u00e8ne et lumi\u00e8re pure.<\/p>\n<h3>AUBERGE<\/h3>\n<p>Tente de camping, yourte ou sac de couchage sous les \u00e9toiles.<\/p>\n<h3>APPROVISIONNEMENT EN EAU<\/h3>\n<p>Rivi\u00e8re, lac et\u00a0puits.<\/p>\n<h3>NOURRITURE<\/h3>\n<p>Locale.<\/p>\n<h3>GENRE DE VOYAGE<\/h3>\n<p>\u2013 Odyss\u00e9e d\u2019un cycliste solitaire s\u2019allant hors piste et en toutes saisons, principalement au travers de d\u00e9serts, de steppes, de for\u00eats et des montagnes de Mongolie. Plus de 20,000 km. par tranche de 2000 \u00e0 3000 km. avec une moyenne de +100 km. par jour. (\u00e0 para\u00eetre la rubrique cartes g\u00e9ographiques).<br \/>\u2013 Marches hivernales d\u2019endurance au travers des d\u00e9serts de Mongolie.<br \/>\u2013 Exp\u00e9ditions hivernales avec des caravanes de chameaux en hautes montagnes et sur des d\u00e9serts de dunes de sable.<\/p>\n<h3>EXP\u00c9DITIONS R\u00c9CENTES<\/h3>\n<p>L\u2019odyss\u00e9e spatiale en remontant les \u00e2ges des temps contemporains au pal\u00e9olithique, soit une exp\u00e9dition \u00e0 la recherche de vestiges d\u2019anciennes civilisations, en f\u00e9vrier et d\u00e9cembre 2014, pendant six semaines, avec 10 chameaux de Bactriane, une yourte et 4 nomades mongols.<\/p>\n<div>L\u2019odyss\u00e9e d\u2019un cycliste solitaire sur la piste des oasis et des d\u00e9serts du Cr\u00e9tac\u00e9; un p\u00e9riple de 2700 km.\u00a0\u00e0 pied et \u00e0 v\u00e9lo par le travers des d\u00e9serts du Gobi mongol en l\u2019an 2016.<\/div>\n<p><\/p>\n<h3>PASSIONS<\/h3>\n<p>Entre autre, l\u2019\u00e9criture, particuli\u00e8rement la pratique de la po\u00e9sie aux rimes \u00ab\u00a0alexandrines\u00a0\u00bb; publication de chroniques, de brochures et de s\u00e9ries de portraits.<\/p>\n<h3>EXPOSITIONS DE PHOTOGRAPHIES<\/h3>\n<p>\u2013 <em>Grandeur, Beaut\u00e9 et Simplicit\u00e9, e<\/em>n 2006, au club des correspondants de presse de Hong Kong.<br \/>\u2013 <em>Nomades, Caravanes et Migrations<\/em>, en 2013, \u00e0 la galerie Latitude 22n, Chaiwan, Hong Kong<br \/>\u2013 <em>The Spatial Odyssey Back in Times<\/em>, en 2017, \u00e0 la galerie Latitude 22n, Chaiwan, Hong Kong<br \/>\u2013 <em>Back to Nature<\/em>, en 2020, \u00e0 la galerie Blue Lotus, Sheung Wan, Hong Kong<br \/>\u2013 <em>Sanctuary Frozen in Time<\/em>, en 2024, \u00e0 la Galerie Paris 1829, Sheung Wan, Hong Kong<\/p>\n<h3>PROJETS DANS LES TIROIRS<\/h3>\n<p>Rester sain de corps et d\u2019esprit afin d\u2019\u00eatre \u00e0 m\u00eame de publier quelques livres, d\u2019organiser des expos de photographies, donner des conf\u00e9rences pour adulte et surtout pour la jeunesse, participer \u00e0 des courses \u00e0 pied de 100 km., et entreprendre des voyages de grandes envergures pour vivre\u2026 et vivre l\u2019aventure dans les d\u00e9serts de la Haute Asie aussi longtemps que possible\u2026\u00a0et pourquoi pas\u2026 tenir debout jusqu\u2019en 2057\u2026<\/p>\n<h3>AUTRES MISSIONS PHOTOGRAPHIQUES<\/h3>\n<p>Hong Kong h\u00e9ritage :<br \/>\u2013 le projet de conservation photographique de Sham Shui Po.<br \/>\u2013 Mei Ho House, expo permanente.<\/p>\n<p>\u2013 Zingaro, France : Bartabas et son th\u00e9\u00e2tre \u00e9questre<br \/>\u2013 Patagonie<br \/>\u2013 L\u2019odyss\u00e9e d\u2019un cycliste solitaire sur la piste des oasis et des d\u00e9serts du Cr\u00e9tac\u00e9<\/p>\n<h3>CONF\u00c9RENCES<\/h3>\n<p>Avec diaporamas musicaux donn\u00e9es \u00e0 HK, en Chine, en Suisse, en Mongolie, notamment \u00e0 The Royal Geographical Society of Hong Kong en 2013 et en 2017.<\/p>\n<p>D\u2019autres conf\u00e9rences en anglais ou en fran\u00e7ais, pour adultes ou dans des \u00e9coles pour des \u00e9l\u00e8ves de 8 \u00e0 18 ans.[\/vc_column_text][\/vc_column][\/vc_row]<\/p>\n<\/div>","protected":false},"excerpt":{"rendered":"<p>Marc Progin est un fou, amoureux de voyages en nature, \u00e0 pied ou \u00e0 v\u00e9lo, de la vraie aventure pour laquelle, chaque ann\u00e9e, plusieurs fois il rallie, les steppes et les d\u00e9serts des terres de Mongolie. Des voyages en transit entre le temps et l\u2019espace d\u2019une autre dimension depuis qu\u2019il a quitt\u00e9 son m\u00e9tier d\u2019horloger.<\/p>\n","protected":false},"author":1,"featured_media":0,"parent":3908,"menu_order":0,"comment_status":"closed","ping_status":"closed","template":"","meta":{"footnotes":""},"class_list":["post-3886","page","type-page","status-publish","hentry"],"aioseo_notices":[],"_links":{"self":[{"href":"https:\/\/www.progin.com\/fr\/wp-json\/wp\/v2\/pages\/3886","targetHints":{"allow":["GET"]}}],"collection":[{"href":"https:\/\/www.progin.com\/fr\/wp-json\/wp\/v2\/pages"}],"about":[{"href":"https:\/\/www.progin.com\/fr\/wp-json\/wp\/v2\/types\/page"}],"author":[{"embeddable":true,"href":"https:\/\/www.progin.com\/fr\/wp-json\/wp\/v2\/users\/1"}],"replies":[{"embeddable":true,"href":"https:\/\/www.progin.com\/fr\/wp-json\/wp\/v2\/comments?post=3886"}],"version-history":[{"count":5,"href":"https:\/\/www.progin.com\/fr\/wp-json\/wp\/v2\/pages\/3886\/revisions"}],"predecessor-version":[{"id":10621,"href":"https:\/\/www.progin.com\/fr\/wp-json\/wp\/v2\/pages\/3886\/revisions\/10621"}],"up":[{"embeddable":true,"href":"https:\/\/www.progin.com\/fr\/wp-json\/wp\/v2\/pages\/3908"}],"wp:attachment":[{"href":"https:\/\/www.progin.com\/fr\/wp-json\/wp\/v2\/media?parent=3886"}],"curies":[{"name":"wp","href":"https:\/\/api.w.org\/{rel}","templated":true}]}}