{"id":3418,"date":"2014-09-19T09:09:06","date_gmt":"2014-09-19T09:09:06","guid":{"rendered":"http:\/\/www.progin.com\/fr\/?page_id=3418"},"modified":"2024-01-31T02:49:26","modified_gmt":"2024-01-31T02:49:26","slug":"home-2","status":"publish","type":"page","link":"https:\/\/www.progin.com\/fr\/","title":{"rendered":"Accueil"},"content":{"rendered":"<div class=\"wpb-content-wrapper\"><p>[vc_row unlock_row_content=\u00a0\u00bbyes\u00a0\u00bb row_height_percent=\u00a0\u00bb0&Prime; override_padding=\u00a0\u00bbyes\u00a0\u00bb h_padding=\u00a0\u00bb4&Prime; top_padding=\u00a0\u00bb3&Prime; bottom_padding=\u00a0\u00bb2&Prime; back_color=\u00a0\u00bbcolor-nhtu\u00a0\u00bb overlay_alpha=\u00a0\u00bb50&Prime; equal_height=\u00a0\u00bbyes\u00a0\u00bb gutter_size=\u00a0\u00bb3&Prime; column_width_percent=\u00a0\u00bb100&Prime; shift_y=\u00a0\u00bb0&Prime; z_index=\u00a0\u00bb0&Prime; changer_back_color=\u00a0\u00bbyes\u00a0\u00bb uncode_shortcode_id=\u00a0\u00bb186152&Prime; back_color_type=\u00a0\u00bbuncode-palette\u00a0\u00bb][vc_column column_width_percent=\u00a0\u00bb100&Prime; position_vertical=\u00a0\u00bbmiddle\u00a0\u00bb align_horizontal=\u00a0\u00bbalign_center\u00a0\u00bb gutter_size=\u00a0\u00bb3&Prime; style=\u00a0\u00bbdark\u00a0\u00bb overlay_alpha=\u00a0\u00bb50&Prime; shift_x=\u00a0\u00bb0&Prime; shift_y=\u00a0\u00bb0&Prime; shift_y_down=\u00a0\u00bb0&Prime; z_index=\u00a0\u00bb0&Prime; medium_width=\u00a0\u00bb0&Prime; mobile_width=\u00a0\u00bb0&Prime; width=\u00a0\u00bb1\/1&Prime; uncode_shortcode_id=\u00a0\u00bb154369&Prime;][vc_column_text text_color=\u00a0\u00bbcolor-lxmt\u00a0\u00bb uncode_shortcode_id=\u00a0\u00bb943848&Prime; text_color_type=\u00a0\u00bbuncode-palette\u00a0\u00bb]<\/p>\n<h3 style=\"text-align: left;\">Projets<\/h3>\n<p>[\/vc_column_text][uncode_index el_id=\u00a0\u00bbindex-132654&Prime; loop=\u00a0\u00bbsize:All|order_by:date|order:DESC|post_type:portfolio|taxonomy_count:10&Prime; screen_lg=\u00a0\u00bb1000&Prime; screen_md=\u00a0\u00bb600&Prime; screen_sm=\u00a0\u00bb480&Prime; gutter_size=\u00a0\u00bb2&Prime; portfolio_items=\u00a0\u00bbmedia|featured|onpost|original,title,text|excerpt|100,link|link|default_size\u00a0\u00bb single_text=\u00a0\u00bboverlay\u00a0\u00bb single_width=\u00a0\u00bb6&Prime; single_back_color=\u00a0\u00bbcolor-nhtu\u00a0\u00bb single_overlay_color=\u00a0\u00bbcolor-nhtu\u00a0\u00bb single_overlay_opacity=\u00a0\u00bb70&Prime; single_image_anim=\u00a0\u00bbno\u00a0\u00bb single_h_align_mobile=\u00a0\u00bbleft\u00a0\u00bb single_v_position=\u00a0\u00bbbottom\u00a0\u00bb single_padding=\u00a0\u00bb2&Prime; single_text_reduced=\u00a0\u00bbyes\u00a0\u00bb single_title_semantic=\u00a0\u00bbh4&Prime; single_title_family=\u00a0\u00bbfont-831359&Prime; single_title_dimension=\u00a0\u00bbh4&Prime; single_text_lead=\u00a0\u00bbsmall\u00a0\u00bb single_border=\u00a0\u00bbyes\u00a0\u00bb uncode_shortcode_id=\u00a0\u00bb365458&Prime;][\/vc_column][\/vc_row][vc_row unlock_row_content=\u00a0\u00bbyes\u00a0\u00bb row_height_percent=\u00a0\u00bb0&Prime; override_padding=\u00a0\u00bbyes\u00a0\u00bb h_padding=\u00a0\u00bb5&Prime; top_padding=\u00a0\u00bb2&Prime; bottom_padding=\u00a0\u00bb2&Prime; back_color=\u00a0\u00bbcolor-lxmt\u00a0\u00bb overlay_alpha=\u00a0\u00bb50&Prime; equal_height=\u00a0\u00bbyes\u00a0\u00bb gutter_size=\u00a0\u00bb3&Prime; column_width_percent=\u00a0\u00bb100&Prime; shift_y=\u00a0\u00bb0&Prime; z_index=\u00a0\u00bb0&Prime; changer_back_color=\u00a0\u00bbyes\u00a0\u00bb uncode_shortcode_id=\u00a0\u00bb165852&Prime; back_color_type=\u00a0\u00bbuncode-palette\u00a0\u00bb][vc_column column_width_percent=\u00a0\u00bb100&Prime; gutter_size=\u00a0\u00bb3&Prime; overlay_alpha=\u00a0\u00bb50&Prime; shift_x=\u00a0\u00bb0&Prime; shift_y=\u00a0\u00bb0&Prime; shift_y_down=\u00a0\u00bb0&Prime; z_index=\u00a0\u00bb0&Prime; medium_width=\u00a0\u00bb0&Prime; mobile_width=\u00a0\u00bb0&Prime; sticky=\u00a0\u00bbyes\u00a0\u00bb width=\u00a0\u00bb1\/2&Prime; uncode_shortcode_id=\u00a0\u00bb391856&Prime;][vc_column_text text_color=\u00a0\u00bbcolor-nhtu\u00a0\u00bb uncode_shortcode_id=\u00a0\u00bb792890&Prime; text_color_type=\u00a0\u00bbuncode-palette\u00a0\u00bb]<\/p>\n<h3 style=\"text-align: left;\">Expositions<\/h3>\n<p>En savoir plus sur les expositions pass\u00e9es et \u00e0 venir de Marc Progin.[\/vc_column_text][vc_button size=\u00a0\u00bblink\u00a0\u00bb btn_link_underline=\u00a0\u00bbbtn-underline\u00a0\u00bb italic=\u00a0\u00bbyes\u00a0\u00bb icon_position=\u00a0\u00bbright\u00a0\u00bb link=\u00a0\u00bburl:https%3A%2F%2Fwww.progin.com%2Ffr%2Fexpositions%2F\u00a0\u00bb uncode_shortcode_id=\u00a0\u00bb204290&Prime; icon=\u00a0\u00bbfa fa-arrow-right4&Prime;]D\u00e9couvrir les expositions[\/vc_button][vc_empty_space empty_h=\u00a0\u00bb2&Prime;][\/vc_column][vc_column column_width_percent=\u00a0\u00bb100&Prime; position_vertical=\u00a0\u00bbmiddle\u00a0\u00bb gutter_size=\u00a0\u00bb3&Prime; overlay_alpha=\u00a0\u00bb50&Prime; shift_x=\u00a0\u00bb0&Prime; shift_y=\u00a0\u00bb0&Prime; shift_y_down=\u00a0\u00bb0&Prime; z_index=\u00a0\u00bb0&Prime; medium_width=\u00a0\u00bb0&Prime; mobile_width=\u00a0\u00bb0&Prime; width=\u00a0\u00bb1\/2&Prime; uncode_shortcode_id=\u00a0\u00bb172907&Prime;][uncode_index el_id=\u00a0\u00bbindex-132654&Prime; loop=\u00a0\u00bbsize:1|order_by:date|order:DESC|post_type:post|categories:77|taxonomy_count:10&Prime; index_back_color=\u00a0\u00bbcolor-gyho\u00a0\u00bb screen_lg=\u00a0\u00bb1000&Prime; screen_md=\u00a0\u00bb600&Prime; screen_sm=\u00a0\u00bb480&Prime; gutter_size=\u00a0\u00bb0&Prime; post_items=\u00a0\u00bbmedia|featured|onpost|original,date,title,link|link|small_size\u00a0\u00bb portfolio_items=\u00a0\u00bbmedia|featured|onpost|original,title\u00a0\u00bb single_text=\u00a0\u00bboverlay\u00a0\u00bb single_width=\u00a0\u00bb6&Prime; single_style=\u00a0\u00bbdark\u00a0\u00bb single_overlay_color=\u00a0\u00bbcolor-lxmt\u00a0\u00bb single_overlay_opacity=\u00a0\u00bb80&Prime; single_image_anim=\u00a0\u00bbno\u00a0\u00bb single_h_align_mobile=\u00a0\u00bbleft\u00a0\u00bb single_v_position=\u00a0\u00bbbottom\u00a0\u00bb single_padding=\u00a0\u00bb2&Prime; single_border=\u00a0\u00bbyes\u00a0\u00bb uncode_shortcode_id=\u00a0\u00bb193494&Prime; index_back_color_type=\u00a0\u00bbuncode-palette\u00a0\u00bb][\/vc_column][\/vc_row][vc_row unlock_row_content=\u00a0\u00bbyes\u00a0\u00bb row_height_percent=\u00a0\u00bb0&Prime; override_padding=\u00a0\u00bbyes\u00a0\u00bb h_padding=\u00a0\u00bb5&Prime; top_padding=\u00a0\u00bb2&Prime; bottom_padding=\u00a0\u00bb2&Prime; back_color=\u00a0\u00bbcolor-lxmt\u00a0\u00bb overlay_alpha=\u00a0\u00bb50&Prime; equal_height=\u00a0\u00bbyes\u00a0\u00bb gutter_size=\u00a0\u00bb3&Prime; column_width_percent=\u00a0\u00bb100&Prime; shift_y=\u00a0\u00bb0&Prime; z_index=\u00a0\u00bb0&Prime; changer_back_color=\u00a0\u00bbyes\u00a0\u00bb uncode_shortcode_id=\u00a0\u00bb165852&Prime; back_color_type=\u00a0\u00bbuncode-palette\u00a0\u00bb][vc_column column_width_percent=\u00a0\u00bb100&Prime; gutter_size=\u00a0\u00bb3&Prime; overlay_alpha=\u00a0\u00bb50&Prime; shift_x=\u00a0\u00bb0&Prime; shift_y=\u00a0\u00bb0&Prime; shift_y_down=\u00a0\u00bb0&Prime; z_index=\u00a0\u00bb0&Prime; medium_width=\u00a0\u00bb0&Prime; mobile_width=\u00a0\u00bb0&Prime; sticky=\u00a0\u00bbyes\u00a0\u00bb width=\u00a0\u00bb1\/2&Prime; uncode_shortcode_id=\u00a0\u00bb391856&Prime;][vc_column_text text_color=\u00a0\u00bbcolor-nhtu\u00a0\u00bb uncode_shortcode_id=\u00a0\u00bb109972&Prime; text_color_type=\u00a0\u00bbuncode-palette\u00a0\u00bb]<\/p>\n<h3 style=\"text-align: left;\">Nouvelles et presse<\/h3>\n<p>Vous souhaitez vous tenir au courant des actualit\u00e9s de Marc Progin? Vous trouverez toutes les informations ici.[\/vc_column_text][vc_button size=\u00a0\u00bblink\u00a0\u00bb btn_link_underline=\u00a0\u00bbbtn-underline\u00a0\u00bb italic=\u00a0\u00bbyes\u00a0\u00bb icon_position=\u00a0\u00bbright\u00a0\u00bb link=\u00a0\u00bburl:https%3A%2F%2Fwww.progin.com%2Ffr%2Fnouvelles-et-presse%2F|\u00a0\u00bb uncode_shortcode_id=\u00a0\u00bb139691&Prime; icon=\u00a0\u00bbfa fa-arrow-right4&Prime;]<\/p>\n<p style=\"text-align: left;\">Toute la presse et les nouvelles ici<\/p>\n<p>[\/vc_button][vc_empty_space empty_h=\u00a0\u00bb2&Prime;][\/vc_column][vc_column column_width_percent=\u00a0\u00bb100&Prime; position_vertical=\u00a0\u00bbmiddle\u00a0\u00bb gutter_size=\u00a0\u00bb3&Prime; overlay_alpha=\u00a0\u00bb50&Prime; shift_x=\u00a0\u00bb0&Prime; shift_y=\u00a0\u00bb0&Prime; shift_y_down=\u00a0\u00bb0&Prime; z_index=\u00a0\u00bb0&Prime; medium_width=\u00a0\u00bb0&Prime; mobile_width=\u00a0\u00bb0&Prime; width=\u00a0\u00bb1\/2&Prime; uncode_shortcode_id=\u00a0\u00bb172907&Prime;][uncode_index el_id=\u00a0\u00bbindex-132654&Prime; loop=\u00a0\u00bbsize:1|order_by:date|order:DESC|post_type:post|categories:75,77|taxonomy_count:10&Prime; index_back_color=\u00a0\u00bbcolor-gyho\u00a0\u00bb screen_lg=\u00a0\u00bb1000&Prime; screen_md=\u00a0\u00bb600&Prime; screen_sm=\u00a0\u00bb480&Prime; gutter_size=\u00a0\u00bb0&Prime; post_items=\u00a0\u00bbmedia|featured|onpost|original,date,title,link|link|small_size\u00a0\u00bb portfolio_items=\u00a0\u00bbmedia|featured|onpost|original,title\u00a0\u00bb single_text=\u00a0\u00bboverlay\u00a0\u00bb single_width=\u00a0\u00bb6&Prime; single_style=\u00a0\u00bbdark\u00a0\u00bb single_overlay_opacity=\u00a0\u00bb50&Prime; single_image_anim=\u00a0\u00bbno\u00a0\u00bb single_h_align_mobile=\u00a0\u00bbleft\u00a0\u00bb single_v_position=\u00a0\u00bbbottom\u00a0\u00bb single_padding=\u00a0\u00bb2&Prime; single_border=\u00a0\u00bbyes\u00a0\u00bb uncode_shortcode_id=\u00a0\u00bb807362&Prime; index_back_color_type=\u00a0\u00bbuncode-palette\u00a0\u00bb][\/vc_column][\/vc_row][vc_row unlock_row_content=\u00a0\u00bbyes\u00a0\u00bb row_height_percent=\u00a0\u00bb0&Prime; override_padding=\u00a0\u00bbyes\u00a0\u00bb h_padding=\u00a0\u00bb5&Prime; top_padding=\u00a0\u00bb2&Prime; bottom_padding=\u00a0\u00bb3&Prime; back_color=\u00a0\u00bbcolor-gyho\u00a0\u00bb overlay_alpha=\u00a0\u00bb50&Prime; equal_height=\u00a0\u00bbyes\u00a0\u00bb gutter_size=\u00a0\u00bb3&Prime; column_width_percent=\u00a0\u00bb100&Prime; shift_y=\u00a0\u00bb0&Prime; z_index=\u00a0\u00bb0&Prime; changer_back_color=\u00a0\u00bbyes\u00a0\u00bb uncode_shortcode_id=\u00a0\u00bb408111&Prime; back_color_type=\u00a0\u00bbuncode-palette\u00a0\u00bb][vc_column column_width_percent=\u00a0\u00bb100&Prime; gutter_size=\u00a0\u00bb2&Prime; override_padding=\u00a0\u00bbyes\u00a0\u00bb column_padding=\u00a0\u00bb0&Prime; overlay_alpha=\u00a0\u00bb50&Prime; shift_x=\u00a0\u00bb0&Prime; shift_y=\u00a0\u00bb0&Prime; shift_y_down=\u00a0\u00bb0&Prime; z_index=\u00a0\u00bb0&Prime; medium_width=\u00a0\u00bb0&Prime; mobile_width=\u00a0\u00bb0&Prime; sticky=\u00a0\u00bbyes\u00a0\u00bb width=\u00a0\u00bb1\/2&Prime; uncode_shortcode_id=\u00a0\u00bb358874&Prime;][vc_column_text uncode_shortcode_id=\u00a0\u00bb504436&Prime;]<\/p>\n<h3>Ecouter<\/h3>\n<p>Quand il n&rsquo;est pas derri\u00e8re son appareil de photo, Marc Progin est souvent invit\u00e9 \u00e0 donner des conf\u00e9rences ou des interviews pour la radio et la t\u00e9l\u00e9vision.[\/vc_column_text][vc_button size=\u00a0\u00bblink\u00a0\u00bb btn_link_underline=\u00a0\u00bbbtn-underline\u00a0\u00bb italic=\u00a0\u00bbyes\u00a0\u00bb icon_position=\u00a0\u00bbright\u00a0\u00bb link=\u00a0\u00bburl:https%3A%2F%2Fwww.progin.com%2Ffr%2Fcategory%2Fradio-podcast-fr%2F|\u00a0\u00bb uncode_shortcode_id=\u00a0\u00bb141134&Prime; icon=\u00a0\u00bbfa fa-arrow-right4&Prime;]Ecouter les interviews et podcasts ici[\/vc_button][vc_empty_space empty_h=\u00a0\u00bb2&Prime;][\/vc_column][vc_column width=\u00a0\u00bb1\/2&Prime;][uncode_index el_id=\u00a0\u00bbindex-132654&Prime; loop=\u00a0\u00bbsize:1|order_by:date|order:DESC|post_type:post|categories:75,236|taxonomy_count:10&Prime; index_back_color=\u00a0\u00bbcolor-gyho\u00a0\u00bb screen_lg=\u00a0\u00bb1000&Prime; screen_md=\u00a0\u00bb600&Prime; screen_sm=\u00a0\u00bb480&Prime; gutter_size=\u00a0\u00bb0&Prime; post_items=\u00a0\u00bbmedia|featured|onpost|original,date,title,link|link|small_size\u00a0\u00bb portfolio_items=\u00a0\u00bbmedia|featured|onpost|original,title\u00a0\u00bb single_text=\u00a0\u00bboverlay\u00a0\u00bb single_width=\u00a0\u00bb6&Prime; single_style=\u00a0\u00bbdark\u00a0\u00bb single_overlay_color=\u00a0\u00bbcolor-gyho\u00a0\u00bb single_overlay_opacity=\u00a0\u00bb80&Prime; single_image_anim=\u00a0\u00bbno\u00a0\u00bb single_h_align_mobile=\u00a0\u00bbleft\u00a0\u00bb single_v_position=\u00a0\u00bbbottom\u00a0\u00bb single_padding=\u00a0\u00bb2&Prime; single_border=\u00a0\u00bbyes\u00a0\u00bb uncode_shortcode_id=\u00a0\u00bb201426&Prime; index_back_color_type=\u00a0\u00bbuncode-palette\u00a0\u00bb][\/vc_column][\/vc_row][vc_row unlock_row_content=\u00a0\u00bbyes\u00a0\u00bb row_height_percent=\u00a0\u00bb0&Prime; override_padding=\u00a0\u00bbyes\u00a0\u00bb h_padding=\u00a0\u00bb5&Prime; top_padding=\u00a0\u00bb2&Prime; bottom_padding=\u00a0\u00bb3&Prime; back_color=\u00a0\u00bbcolor-562656&Prime; overlay_alpha=\u00a0\u00bb50&Prime; equal_height=\u00a0\u00bbyes\u00a0\u00bb gutter_size=\u00a0\u00bb3&Prime; column_width_percent=\u00a0\u00bb100&Prime; shift_y=\u00a0\u00bb0&Prime; z_index=\u00a0\u00bb0&Prime; changer_back_color=\u00a0\u00bbyes\u00a0\u00bb uncode_shortcode_id=\u00a0\u00bb115644&Prime; back_color_type=\u00a0\u00bbuncode-palette\u00a0\u00bb][vc_column column_width_percent=\u00a0\u00bb100&Prime; gutter_size=\u00a0\u00bb2&Prime; override_padding=\u00a0\u00bbyes\u00a0\u00bb column_padding=\u00a0\u00bb0&Prime; overlay_alpha=\u00a0\u00bb50&Prime; shift_x=\u00a0\u00bb0&Prime; shift_y=\u00a0\u00bb0&Prime; shift_y_down=\u00a0\u00bb0&Prime; z_index=\u00a0\u00bb0&Prime; medium_width=\u00a0\u00bb0&Prime; mobile_width=\u00a0\u00bb0&Prime; sticky=\u00a0\u00bbyes\u00a0\u00bb width=\u00a0\u00bb1\/2&Prime; uncode_shortcode_id=\u00a0\u00bb607351&Prime;][vc_column_text uncode_shortcode_id=\u00a0\u00bb686138&Prime;]<\/p>\n<h3 style=\"text-align: left;\">Catalogues d&rsquo;exposition<\/h3>\n<p style=\"text-align: left;\">D\u00e9couvrir l&rsquo;univers, les po\u00e8mes, photographies, essais et textes de Marc Progin avec les catalogues d&rsquo;exposition.<\/p>\n<p><em><strong>Nomades, Caravanes, Migrations<\/strong><\/em>\u00a0est une publication qui juxtapose\u00a0po\u00e8mes avec les photographies pr\u00e9sent\u00e9e lors de l&rsquo;exposition de 2013.<br \/>\nLe second catalogue, <em><strong>The Spatial Odyssey back in times,<\/strong><\/em>\u00a0est une invitation \u00e0 un voyage dans le temps. Retrouvez toutes les photos de l\u2019exposition ainsi que des textes \u00e0 propos de l\u2019histoire de la Mongolie, des croyances, de la pr\u00e9histoire\u2026[\/vc_column_text][vc_empty_space empty_h=\u00a0\u00bb2&Prime;][\/vc_column][vc_column width=\u00a0\u00bb1\/2&Prime;][uncode_index el_id=\u00a0\u00bbindex-523104&Prime; loop=\u00a0\u00bbsize:All|order_by:date|post_type:product|taxonomy_count:10&Prime; screen_lg=\u00a0\u00bb1000&Prime; screen_md=\u00a0\u00bb600&Prime; screen_sm=\u00a0\u00bb480&Prime; gutter_size=\u00a0\u00bb3&Prime; product_items=\u00a0\u00bbmedia|featured|onpost|original|hide-sale|inherit-atc|inherit-w-atc|atc-typo-default|show-atc,title,price|default,link|link|default_size|D\u00e9couvrir et ajouter au panier \u2192\u00a0\u00bb single_width=\u00a0\u00bb3&Prime; single_overlay_color=\u00a0\u00bbcolor-562656&Prime; single_overlay_opacity=\u00a0\u00bb80&Prime; single_image_anim=\u00a0\u00bbno\u00a0\u00bb single_secondary=\u00a0\u00bbyes\u00a0\u00bb single_padding=\u00a0\u00bb1&Prime; single_text_reduced=\u00a0\u00bbyes\u00a0\u00bb single_title_semantic=\u00a0\u00bbh6&Prime; single_title_family=\u00a0\u00bbfont-130617&Prime; single_title_dimension=\u00a0\u00bbh6&Prime; single_border=\u00a0\u00bbyes\u00a0\u00bb uncode_shortcode_id=\u00a0\u00bb701927&Prime;][\/vc_column][\/vc_row]<\/p>\n<\/div>","protected":false},"excerpt":{"rendered":"<p>Marc Progin est un fou, amoureux de voyages en nature, \u00e0 pied ou \u00e0 v\u00e9lo, de la vraie aventure pour laquelle, chaque ann\u00e9e, plusieurs fois il rallie, les steppes et les d\u00e9serts des terres de Mongolie. Des voyages en transit entre le temps et l\u2019espace d\u2019une autre dimension depuis qu\u2019il a quitt\u00e9 son m\u00e9tier d\u2019horloger.<\/p>\n","protected":false},"author":1,"featured_media":0,"parent":0,"menu_order":0,"comment_status":"closed","ping_status":"closed","template":"","meta":{"footnotes":""},"class_list":["post-3418","page","type-page","status-publish","hentry"],"aioseo_notices":[],"_links":{"self":[{"href":"https:\/\/www.progin.com\/fr\/wp-json\/wp\/v2\/pages\/3418","targetHints":{"allow":["GET"]}}],"collection":[{"href":"https:\/\/www.progin.com\/fr\/wp-json\/wp\/v2\/pages"}],"about":[{"href":"https:\/\/www.progin.com\/fr\/wp-json\/wp\/v2\/types\/page"}],"author":[{"embeddable":true,"href":"https:\/\/www.progin.com\/fr\/wp-json\/wp\/v2\/users\/1"}],"replies":[{"embeddable":true,"href":"https:\/\/www.progin.com\/fr\/wp-json\/wp\/v2\/comments?post=3418"}],"version-history":[{"count":5,"href":"https:\/\/www.progin.com\/fr\/wp-json\/wp\/v2\/pages\/3418\/revisions"}],"predecessor-version":[{"id":10048,"href":"https:\/\/www.progin.com\/fr\/wp-json\/wp\/v2\/pages\/3418\/revisions\/10048"}],"wp:attachment":[{"href":"https:\/\/www.progin.com\/fr\/wp-json\/wp\/v2\/media?parent=3418"}],"curies":[{"name":"wp","href":"https:\/\/api.w.org\/{rel}","templated":true}]}}