{"id":10035,"date":"2024-01-30T06:11:21","date_gmt":"2024-01-30T06:11:21","guid":{"rendered":"https:\/\/www.progin.com\/?page_id=10035"},"modified":"2024-01-31T02:49:59","modified_gmt":"2024-01-31T02:49:59","slug":"expositions","status":"publish","type":"page","link":"https:\/\/www.progin.com\/fr\/expositions\/","title":{"rendered":"Expositions"},"content":{"rendered":"<div class=\"wpb-content-wrapper\"><p>[vc_row unlock_row_content=\u00a0\u00bbyes\u00a0\u00bb row_height_percent=\u00a0\u00bb0&Prime; override_padding=\u00a0\u00bbyes\u00a0\u00bb h_padding=\u00a0\u00bb4&Prime; top_padding=\u00a0\u00bb2&Prime; bottom_padding=\u00a0\u00bb4&Prime; back_color=\u00a0\u00bbcolor-lxmt\u00a0\u00bb overlay_alpha=\u00a0\u00bb50&Prime; gutter_size=\u00a0\u00bb3&Prime; column_width_percent=\u00a0\u00bb100&Prime; shift_y=\u00a0\u00bb0&Prime; z_index=\u00a0\u00bb0&Prime; uncode_shortcode_id=\u00a0\u00bb129122&Prime; back_color_type=\u00a0\u00bbuncode-palette\u00a0\u00bb][vc_column][uncode_index el_id=\u00a0\u00bbindex-297442&Prime; loop=\u00a0\u00bbsize:All|order_by:date|order:DESC|post_type:post|categories:105|taxonomy_count:10&Prime; screen_lg=\u00a0\u00bb1000&Prime; screen_md=\u00a0\u00bb600&Prime; screen_sm=\u00a0\u00bb480&Prime; gutter_size=\u00a0\u00bb3&Prime; inner_padding=\u00a0\u00bbyes\u00a0\u00bb post_items=\u00a0\u00bbmedia|featured|onpost|original,date,title,link|link|default_size|outline_inv\u00a0\u00bb infinite=\u00a0\u00bbyes\u00a0\u00bb infinite_button=\u00a0\u00bbyes\u00a0\u00bb infinite_button_outline=\u00a0\u00bbyes\u00a0\u00bb infinite_button_shape=\u00a0\u00bbbtn-square\u00a0\u00bb infinite_button_color=\u00a0\u00bbaccent\u00a0\u00bb single_text=\u00a0\u00bboverlay\u00a0\u00bb single_style=\u00a0\u00bbdark\u00a0\u00bb single_overlay_color=\u00a0\u00bbcolor-xsdn\u00a0\u00bb single_overlay_opacity=\u00a0\u00bb75&Prime; single_overlay_visible=\u00a0\u00bbyes\u00a0\u00bb single_text_visible=\u00a0\u00bbyes\u00a0\u00bb single_image_anim=\u00a0\u00bbno\u00a0\u00bb single_v_position=\u00a0\u00bbbottom\u00a0\u00bb single_padding=\u00a0\u00bb2&Prime; single_title_semantic=\u00a0\u00bbh4&Prime; single_title_family=\u00a0\u00bbfont-130617&Prime; single_title_dimension=\u00a0\u00bbh4&Prime; single_border=\u00a0\u00bbyes\u00a0\u00bb infinite_button_text=\u00a0\u00bbLOAD MORE\u00a0\u00bb uncode_shortcode_id=\u00a0\u00bb715389&Prime; infinite_button_color_type=\u00a0\u00bbuncode-palette\u00a0\u00bb][\/vc_column][\/vc_row]<\/p>\n<\/div>","protected":false},"excerpt":{"rendered":"<p>D\u00e9couvrez les expositions de Marc Progin \u00e0 venir et pass\u00e9es. <\/p>\n","protected":false},"author":1,"featured_media":0,"parent":0,"menu_order":0,"comment_status":"closed","ping_status":"closed","template":"","meta":{"footnotes":""},"class_list":["post-10035","page","type-page","status-publish","hentry"],"aioseo_notices":[],"_links":{"self":[{"href":"https:\/\/www.progin.com\/fr\/wp-json\/wp\/v2\/pages\/10035","targetHints":{"allow":["GET"]}}],"collection":[{"href":"https:\/\/www.progin.com\/fr\/wp-json\/wp\/v2\/pages"}],"about":[{"href":"https:\/\/www.progin.com\/fr\/wp-json\/wp\/v2\/types\/page"}],"author":[{"embeddable":true,"href":"https:\/\/www.progin.com\/fr\/wp-json\/wp\/v2\/users\/1"}],"replies":[{"embeddable":true,"href":"https:\/\/www.progin.com\/fr\/wp-json\/wp\/v2\/comments?post=10035"}],"version-history":[{"count":5,"href":"https:\/\/www.progin.com\/fr\/wp-json\/wp\/v2\/pages\/10035\/revisions"}],"predecessor-version":[{"id":10049,"href":"https:\/\/www.progin.com\/fr\/wp-json\/wp\/v2\/pages\/10035\/revisions\/10049"}],"wp:attachment":[{"href":"https:\/\/www.progin.com\/fr\/wp-json\/wp\/v2\/media?parent=10035"}],"curies":[{"name":"wp","href":"https:\/\/api.w.org\/{rel}","templated":true}]}}